{"id":151,"date":"2020-07-09T13:30:49","date_gmt":"2020-07-09T13:30:49","guid":{"rendered":"https:\/\/anna-rabien.de\/?page_id=151"},"modified":"2024-01-20T19:31:56","modified_gmt":"2024-01-20T19:31:56","slug":"psychotherapie-fuer-kinder","status":"publish","type":"page","link":"https:\/\/anna-rabien.de\/?page_id=151","title":{"rendered":"Psychotherapie f\u00fcr Kinder"},"content":{"rendered":"\n<h3 class=\"wp-block-heading\">Psychotherapie f\u00fcr Kinder<\/h3>\n\n\n\n<p>Kinder stehen aufgrund der vielf\u00e4ltigen k\u00f6rperlichen, psychischen und sozialen Ver\u00e4nderungen, die diese Lebensphase mit sich bringt, vor ganz besonderen Herausforderungen. Auff\u00e4lligkeiten in der Entwicklung oder im Verhalten sind in dieser Phase des Lebens daher nichts Ungew\u00f6hnliches.<\/p>\n\n\n\n<div class=\"wp-block-media-text has-media-on-the-right is-stacked-on-mobile\"><div class=\"wp-block-media-text__content\">\n<p>Treten aber verst\u00e4rkt Symptome wie<\/p>\n\n\n\n<ul>\n<li>Schlafprobleme<\/li>\n\n\n\n<li>h\u00e4ufige und\/oder extreme Wutanf\u00e4lle<\/li>\n\n\n\n<li>starke \u00c4ngstlichkeit<\/li>\n\n\n\n<li>Aufmerksamkeitsprobleme<\/li>\n\n\n\n<li>aggressives und oppositionelles Verhalten<\/li>\n\n\n\n<li>Probleme mit dem Rechnen oder Schreiben<\/li>\n\n\n\n<li>Probleme mit Gleichaltrigen\/fehlende Freunde<\/li>\n\n\n\n<li>Einn\u00e4ssen oder Einkoten<\/li>\n\n\n\n<li>Bauch- und Kopfschmerzen<\/li>\n\n\n\n<li>st\u00e4ndige Unzufriedenheit<\/li>\n\n\n\n<li>st\u00e4ndige innere oder motorische Unruhe<\/li>\n\n\n\n<li>zwanghaftes Verhalten<\/li>\n\n\n\n<li>Tics<\/li>\n<\/ul>\n\n\n\n<p>auf und dauern diese \u00fcber einen l\u00e4ngeren Zeitraum an, k\u00f6nnte eine psychische Erkrankung dahinterstecken. <\/p>\n<\/div><figure class=\"wp-block-media-text__media\"><img loading=\"lazy\" decoding=\"async\" width=\"2560\" height=\"1707\" src=\"https:\/\/anna-rabien.de\/wp-content\/uploads\/2024\/01\/SA13272-scaled.jpg\" alt=\"\" class=\"wp-image-546 size-full\" srcset=\"https:\/\/anna-rabien.de\/wp-content\/uploads\/2024\/01\/SA13272-scaled.jpg 2560w, https:\/\/anna-rabien.de\/wp-content\/uploads\/2024\/01\/SA13272-300x200.jpg 300w, https:\/\/anna-rabien.de\/wp-content\/uploads\/2024\/01\/SA13272-1024x683.jpg 1024w, https:\/\/anna-rabien.de\/wp-content\/uploads\/2024\/01\/SA13272-768x512.jpg 768w, https:\/\/anna-rabien.de\/wp-content\/uploads\/2024\/01\/SA13272-1536x1024.jpg 1536w, https:\/\/anna-rabien.de\/wp-content\/uploads\/2024\/01\/SA13272-2048x1365.jpg 2048w, https:\/\/anna-rabien.de\/wp-content\/uploads\/2024\/01\/SA13272-600x400.jpg 600w, https:\/\/anna-rabien.de\/wp-content\/uploads\/2024\/01\/SA13272-930x620.jpg 930w\" sizes=\"(max-width: 2560px) 100vw, 2560px\" \/><\/figure><\/div>\n\n\n\n<p>Auf Dauer kann dies bei Kindern zu starken Einschr\u00e4nkungen in der Lebensqualit\u00e4t und damit zu gro\u00dfem Leid f\u00fchren. Wenn Sie das Gef\u00fchl haben, die bestehenden Probleme allein oder in der Familie nicht mehr in den Griff zu bekommen, kann es ratsam sein, sich psychotherapeutische Hilfe zu suchen.<\/p>\n\n\n\n<h3 class=\"wp-block-heading\">Der Ablauf<\/h3>\n\n\n\n<p><strong>Das Erstgespr\u00e4ch<\/strong><\/p>\n\n\n\n<p>Beim Erstgespr\u00e4ch lernen wir uns erst mal kennen. Gemeinsam verschaffen wir uns schon mal einen \u00dcberblick \u00fcber die mitgebrachten Anliegen und k\u00f6nnen so herausfinden, ob sich alle Beteiligten wohl f\u00fchlen und sich vorstellen k\u00f6nnen, sich mir anzuvertrauen. <\/p>\n\n\n\n<p><strong>Die Probatorik<\/strong><\/p>\n\n\n\n<p>W\u00e4hrend der Probatorik wird es gemeinsame, aber auch getrennte Gespr\u00e4che sowohl mit Ihnen als Eltern, als auch allein mit Ihrem Kind geben. Je nach Symptomatik kann auch hier schon die Einbeziehung sonstiger Bezugspersonen, z.B. aus Schule und KiTa sinnvoll sein. Dar\u00fcber hinaus setze ich standardisierte Tests, Interviews, Frageb\u00f6gen und Verhaltensbeobachtungen ein. Nach dieser umfassenden Diagnostik werden wir dann wissen, ob eine Psychotherapie die richtige Hilfe f\u00fcr Sie und Ihr Kind darstellt.<\/p>\n\n\n\n<p><strong>Die Entscheidung<\/strong><\/p>\n\n\n\n<p>An dieser Stelle haben wir uns bereits ganz gut kennen gelernt und k\u00f6nnen entscheiden, ob wir uns eine Zusammenarbeit vorstellen k\u00f6nnen. Es ist hier besonders wichtig, dass auch Ihr Kind sich wohl f\u00fchlt und sich vorstellen kann, ein- bis zweimal die Woche zu mir zu kommen. Dann brauchen Sie nur noch einen Konsiliarbericht Ihres Kinderarztes und wir k\u00f6nnen die Kosten\u00fcbernahme bei Ihrer Krankenkasse beantragen. (N\u00e4here Informationen dazu bekommen Sie dann von mir und Ihrer Krankenkasse)<\/p>\n\n\n\n<p>Sie haben an dieser Stelle nat\u00fcrlich auch die M\u00f6glichkeit, sich gegen eine Therapie oder f\u00fcr eine andere Therapeutin zu entscheiden. In jedem Fall bekommen Sie von mir die vollst\u00e4ndige Auswertung der Diagnostik schriftlich zur Verf\u00fcgung gestellt und in einem pers\u00f6nlichen Gespr\u00e4ch erl\u00e4utert.<\/p>\n\n\n\n<p><strong>Die Therapie<\/strong><\/p>\n\n\n\n<p>Die Therapieziele werden mit Ihnen und Ihrem Kind gemeinsam vereinbart. Bei Kindern spielt das soziale Umfeld eine besonders gro\u00dfe Rolle. Daher ist die Zusammenarbeit mit Familie und unter Umst\u00e4nden der KiTa oder der Schule ein wesentlicher Baustein der Therapie.<\/p>\n\n\n\n<p>Dauer, Frequenz und Einbeziehung der Eltern in die Therapiestunden sind sowohl vom Alter des Kindes als auch der Symptomatik abh\u00e4ngig. Diese Punkte werden wir daher pers\u00f6nlich besprechen, wenn wir uns kennen lernen.<\/p>\n\n\n\n<p>Ich freue mich darauf!<\/p>\n","protected":false},"excerpt":{"rendered":"<p>Psychotherapie f\u00fcr Kinder Kinder stehen aufgrund der vielf\u00e4ltigen k\u00f6rperlichen, psychischen und sozialen Ver\u00e4nderungen, die diese Lebensphase mit sich bringt, vor ganz besonderen Herausforderungen. Auff\u00e4lligkeiten in der Entwicklung oder im Verhalten sind in dieser Phase des Lebens daher nichts Ungew\u00f6hnliches. Auf Dauer kann dies bei Kindern zu starken Einschr\u00e4nkungen in der Lebensqualit\u00e4t und damit zu gro\u00dfem&hellip;&nbsp;<a href=\"https:\/\/anna-rabien.de\/?page_id=151\" class=\"\" rel=\"bookmark\">Weiterlesen &raquo;<span class=\"screen-reader-text\">Psychotherapie f\u00fcr Kinder<\/span><\/a><\/p>\n","protected":false},"author":1,"featured_media":0,"parent":150,"menu_order":0,"comment_status":"closed","ping_status":"closed","template":"","meta":{"neve_meta_sidebar":"","neve_meta_container":"","neve_meta_enable_content_width":"on","neve_meta_content_width":90,"neve_meta_title_alignment":"","neve_meta_author_avatar":"","neve_post_elements_order":"","neve_meta_disable_header":"","neve_meta_disable_footer":"","neve_meta_disable_title":"on","_themeisle_gutenberg_block_has_review":false,"footnotes":""},"featured_image_src":null,"featured_image_src_square":null,"_links":{"self":[{"href":"https:\/\/anna-rabien.de\/index.php?rest_route=\/wp\/v2\/pages\/151"}],"collection":[{"href":"https:\/\/anna-rabien.de\/index.php?rest_route=\/wp\/v2\/pages"}],"about":[{"href":"https:\/\/anna-rabien.de\/index.php?rest_route=\/wp\/v2\/types\/page"}],"author":[{"embeddable":true,"href":"https:\/\/anna-rabien.de\/index.php?rest_route=\/wp\/v2\/users\/1"}],"replies":[{"embeddable":true,"href":"https:\/\/anna-rabien.de\/index.php?rest_route=%2Fwp%2Fv2%2Fcomments&post=151"}],"version-history":[{"count":12,"href":"https:\/\/anna-rabien.de\/index.php?rest_route=\/wp\/v2\/pages\/151\/revisions"}],"predecessor-version":[{"id":588,"href":"https:\/\/anna-rabien.de\/index.php?rest_route=\/wp\/v2\/pages\/151\/revisions\/588"}],"up":[{"embeddable":true,"href":"https:\/\/anna-rabien.de\/index.php?rest_route=\/wp\/v2\/pages\/150"}],"wp:attachment":[{"href":"https:\/\/anna-rabien.de\/index.php?rest_route=%2Fwp%2Fv2%2Fmedia&parent=151"}],"curies":[{"name":"wp","href":"https:\/\/api.w.org\/{rel}","templated":true}]}}