{"id":153,"date":"2020-07-09T13:30:49","date_gmt":"2020-07-09T13:30:49","guid":{"rendered":"https:\/\/anna-rabien.de\/?page_id=153"},"modified":"2024-02-26T10:15:50","modified_gmt":"2024-02-26T10:15:50","slug":"kosten-und-abrechnung","status":"publish","type":"page","link":"https:\/\/anna-rabien.de\/?page_id=153","title":{"rendered":"Kosten und Abrechnung"},"content":{"rendered":"\n<p><strong>Ein wichtiger Hinweis:<\/strong><\/p>\n\n\n\n<p>Die Geb\u00fchrenordnung f\u00fcr privat versicherte Patient:innen wurde seit dem Jahr 1996 nicht mehr erh\u00f6ht. Das hat dazu gef\u00fchrt, dass die Geb\u00fchren heute deutlich unter denen der gesetzlich Versicherten liegen.<\/p>\n\n\n\n<p>Daher und durch gestiegene Kosten folge ich der Empfehlung der Verb\u00e4nde, den Steigerungssatz von 2,3 auf 2,7 anzuheben. Ich orientiere mich dabei an den bereits erh\u00f6hten Steigerungss\u00e4tzen f\u00fcr Bundespolizist:innen und Bundeswehrangeh\u00f6rige.<\/p>\n\n\n\n<p>Das kann dazu f\u00fchren, dass Beihilfe und private Krankenversicherungen die Differenz von 17,6% nicht \u00fcbernehmen. F\u00fcr eine Therapiestunde entspricht das einem Betrag von 17,50 \u20ac.<\/p>\n\n\n\n<p>Ich bitte um Verst\u00e4ndnis.<\/p>\n\n\n\n<h3 class=\"wp-block-heading\">Private Krankenversicherung<\/h3>\n\n\n\n<p>Normalerweise werden die Kosten f\u00fcr eine Kinder- und Jugendlichenpsychotherapie vollst\u00e4ndig oder zum Steigerungssatz von 2,3 (siehe Hinweis oben) von der zust\u00e4ndigen Krankenkasse \u00fcbernommen.<\/p>\n\n\n\n<p>Bitte kl\u00e4ren Sie vor unserem ersten Treffen folgende Fragen mit Ihrer Versicherung:<\/p>\n\n\n\n<ul>\n<li>Ist eine Psychotherapie in Ihrem Vertrag eingeschlossen?<\/li>\n\n\n\n<li>Wenn ja, mit wie vielen Stunden?<\/li>\n\n\n\n<li>Welche Unterlagen werden ben\u00f6tigt, um die Therapie zu beantragen?<\/li>\n<\/ul>\n\n\n\n<h3 class=\"wp-block-heading\">Beihilfe<\/h3>\n\n\n\n<p>Die Beihilfe \u00fcbernimmt 50 bis 80 Prozent der Psychotherapiekosten. Den restlichen Betrag zahlt die private Versicherung.<\/p>\n\n\n\n<p>Bitte kl\u00e4ren Sie auch hier:<\/p>\n\n\n\n<ul>\n<li>Wie viele Stunden sind im Vertrag f\u00fcr Psychotherapie enthalten?<\/li>\n\n\n\n<li>Was wird ben\u00f6tigt, um die Therapie zu beantragen? (Manche Versicherungen haben eigene Formulare)<\/li>\n<\/ul>\n\n\n\n<h3 class=\"wp-block-heading\">Gesetzliche Krankenversicherung<\/h3>\n\n\n\n<p>Mit der&nbsp;<strong>Bahn-BKK<\/strong>&nbsp;habe ich einen Sondervertrag und kann Ihre Psychotherapie direkt abrechnen. Sollten Sie bzw. Ihr Kind bei der Bahn-BKK versichert sein, k\u00f6nnen Sie gern mit mir in Kontakt treten und einen Termin vereinbaren. Es ist lediglich eine \u00dcberweisung von Ihrem Arzt notwendig.<\/p>\n\n\n\n<p>Da ich eine Privatpraxis f\u00fchre, ist die Abrechnung \u00fcber die gesetzliche Krankenkasse sonst nur m\u00f6glich, wenn <strong>dringend<\/strong> eine Therapie ben\u00f6tigt wird und <strong>innerhalb der n\u00e4chsten sechs Wochen kein Kinder- und Jugendlichenpsychotherapeut mit Kassensitz<\/strong> die Behandlung \u00fcbernehmen kann.<\/p>\n\n\n\n<p>So k\u00f6nnen Sie vorgehen:<\/p>\n\n\n\n<ul>\n<li>Suchen Sie einen <strong>freien Platz in einer kassenzugelassenen<\/strong> Kinder- und Jugendlichenpsychotherapiepraxis (z.B. hier: <a aria-label=\"undefined (opens in a new tab)\" href=\"https:\/\/arztsuche.kvbb.de\/ases-kvbb\/ases.jsf?t=psychotherapeut\" target=\"_blank\" rel=\"noreferrer noopener\">https:\/\/arztsuche.kvbb.de\/ases-kvbb\/ases.jsf?t=psychotherapeut<\/a>).<\/li>\n\n\n\n<li>Erfragen Sie bei Ihrer Krankenkasse die <strong>genaue Anzahl der ben\u00f6tigten Absagen<\/strong> und dokumentieren Sie diese auf einer Liste, die folgende Angaben enth\u00e4lt:<\/li>\n<\/ul>\n\n\n\n<p>Datum der Anfrage, Name des Therapeuten, Kontaktform (per Mail oder Telefon), Ergebnis (wann w\u00e4re ein Therapieplatz vorhanden bzw. keine R\u00fcckmeldung)<\/p>\n\n\n\n<ul>\n<li>Vereinbaren Sie einen <strong>Termin zur Psychotherapeutischen Sprechstunde<\/strong> bei der Terminservicestelle der Kassen\u00e4rztlichen Vereinigung (telefonisch unter: 116117 oder online unter: <a href=\"https:\/\/www.kvbb.de\/patienten\/terminservicestelle\/kontaktformular\/\">https:\/\/www.kvbb.de\/patienten\/terminservicestelle\/kontaktformular\/<\/a>)<\/li>\n<\/ul>\n\n\n\n<p>Von dem hier benannten Therapeuten bekommen Sie dann gegebenenfalls eine <strong>Dringlichkeitsbescheinigung (PTV11)<\/strong>.<\/p>\n\n\n\n<ul>\n<li>Zum Erstgespr\u00e4ch bei mir bringen Sie bitte folgende Unterlagen mit:<\/li>\n<\/ul>\n\n\n\n<p>Das ausgef\u00fcllte PTV11-Formular aus der Psychotherapeutischen Sprechstunde (siehe vorheriger Punkt) und die vollst\u00e4ndige Liste der gesammelten Absagen bzw. Kontaktversuche zu anderen Psychotherapeuten.<\/p>\n\n\n\n<h3 class=\"wp-block-heading\">Selbstzahler<\/h3>\n\n\n\n<p>Wenn Sie die Therapie f\u00fcr Ihr Kind selbst bezahlen m\u00f6chten, k\u00f6nnen Sie einfach einen Termin zum Erstgespr\u00e4ch vereinbaren. Die Kosten richten sich nach der Geb\u00fchrenordnung f\u00fcr Psychotherapeuten (GOP).<\/p>\n","protected":false},"excerpt":{"rendered":"<p>Ein wichtiger Hinweis: Die Geb\u00fchrenordnung f\u00fcr privat versicherte Patient:innen wurde seit dem Jahr 1996 nicht mehr erh\u00f6ht. Das hat dazu gef\u00fchrt, dass die Geb\u00fchren heute deutlich unter denen der gesetzlich Versicherten liegen. Daher und durch gestiegene Kosten folge ich der Empfehlung der Verb\u00e4nde, den Steigerungssatz von 2,3 auf 2,7 anzuheben. Ich orientiere mich dabei an&hellip;&nbsp;<a href=\"https:\/\/anna-rabien.de\/?page_id=153\" class=\"\" rel=\"bookmark\">Weiterlesen &raquo;<span class=\"screen-reader-text\">Kosten und Abrechnung<\/span><\/a><\/p>\n","protected":false},"author":1,"featured_media":0,"parent":150,"menu_order":0,"comment_status":"closed","ping_status":"closed","template":"","meta":{"neve_meta_sidebar":"","neve_meta_container":"","neve_meta_enable_content_width":"on","neve_meta_content_width":90,"neve_meta_title_alignment":"","neve_meta_author_avatar":"","neve_post_elements_order":"","neve_meta_disable_header":"","neve_meta_disable_footer":"","neve_meta_disable_title":"on","_themeisle_gutenberg_block_has_review":false,"footnotes":""},"featured_image_src":null,"featured_image_src_square":null,"_links":{"self":[{"href":"https:\/\/anna-rabien.de\/index.php?rest_route=\/wp\/v2\/pages\/153"}],"collection":[{"href":"https:\/\/anna-rabien.de\/index.php?rest_route=\/wp\/v2\/pages"}],"about":[{"href":"https:\/\/anna-rabien.de\/index.php?rest_route=\/wp\/v2\/types\/page"}],"author":[{"embeddable":true,"href":"https:\/\/anna-rabien.de\/index.php?rest_route=\/wp\/v2\/users\/1"}],"replies":[{"embeddable":true,"href":"https:\/\/anna-rabien.de\/index.php?rest_route=%2Fwp%2Fv2%2Fcomments&post=153"}],"version-history":[{"count":8,"href":"https:\/\/anna-rabien.de\/index.php?rest_route=\/wp\/v2\/pages\/153\/revisions"}],"predecessor-version":[{"id":655,"href":"https:\/\/anna-rabien.de\/index.php?rest_route=\/wp\/v2\/pages\/153\/revisions\/655"}],"up":[{"embeddable":true,"href":"https:\/\/anna-rabien.de\/index.php?rest_route=\/wp\/v2\/pages\/150"}],"wp:attachment":[{"href":"https:\/\/anna-rabien.de\/index.php?rest_route=%2Fwp%2Fv2%2Fmedia&parent=153"}],"curies":[{"name":"wp","href":"https:\/\/api.w.org\/{rel}","templated":true}]}}