{"id":209,"date":"2020-07-09T13:30:49","date_gmt":"2020-07-09T13:30:49","guid":{"rendered":"https:\/\/anna-rabien.de\/?page_id=209"},"modified":"2020-07-09T13:42:31","modified_gmt":"2020-07-09T13:42:31","slug":"anfahrt","status":"publish","type":"page","link":"https:\/\/anna-rabien.de\/?page_id=209","title":{"rendered":"ANFAHRT"},"content":{"rendered":"\n<h3 class=\"wp-block-heading\">Verkehrsverbindungen: <\/h3>\n\n\n\n<p><strong>Stra\u00dfenbahn Linie 91, 94, 98<\/strong> &#8211; stadtausw\u00e4rts Haltestelle &#8222;Auf dem Kiewitt&#8220;  &#8211; ca. 230 m Fu\u00dfweg, bzw. stadteinw\u00e4rts Haltestelle &#8222;Potsdam, Charlottenhof Bhf&#8220; &#8211; ca. 130m  Fu\u00dfweg<\/p>\n\n\n\n<p><strong>Bus 580, 605, 606, 610, 631 <\/strong>&#8211; Haltestelle &#8222;Potsdam, Charlottenhof Bhf&#8220; &#8211; ca. 130m bzw. 150m Fu\u00dfweg<\/p>\n\n\n\n<p><strong>Bahn RE 1, RB 1 , RB 20, RB 21, RB 22, RB 23 <\/strong>&#8211; Haltestelle &#8222;Potsdam, Charlottenhof Bhf&#8220; &#8211; ca. 130m Fu\u00dfweg<\/p>\n\n\n\n<p><strong>F\u00e4hre F1 von Hermannswerder<\/strong> &#8211; Haltestelle &#8222;Auf dem Kiewitt&#8220; &#8211; ca. 650m Fu\u00dfweg<\/p>\n\n\n\n<p><\/p>\n\n\n\n<iframe loading=\"lazy\" width=\"200\" height=\"65\" src=\"https:\/\/www.vbb.de\/anreisebutton\/embed?direction_generator%5Bcolor%5D=white&amp;direction_generator%5Bsize%5D=big&amp;direction_generator%5BS%5D=&amp;direction_generator%5BREQ0JourneyStopsSID%5D=&amp;direction_generator%5BZ%5D=14471+Potsdam-Brandenburger+Vorstadt%2C+Zeppelinstr.+148&amp;direction_generator%5BREQ0JourneyStopsZID%5D=A%3D2%40O%3D14471+Potsdam-Brandenburger+Vorstadt%2C+Zeppelinstr.+148%40X%3D13037208%40Y%3D52393592%40U%3D103%40L%3D770024175%40B%3D1%40V%3D3.9%2C%40p%3D1553251442%40&amp;direction_generator%5BtimeMode%5D=now&amp;direction_generator%5Btime%5D=12%3A07&amp;direction_generator%5Bdate%5D=15.06.2020\"><\/iframe>\n\n\n\n<p><\/p>\n\n\n\n<p><strong>Parkpl\u00e4tze stehen f\u00fcr Sie auf dem Hof zur Verf\u00fcgung.<\/strong><\/p>\n\n\n\n<iframe loading=\"lazy\" src=\"https:\/\/www.google.com\/maps\/embed?pb=!1m18!1m12!1m3!1d2434.729534730428!2d13.035195015317866!3d52.39345317979049!2m3!1f0!2f0!3f0!3m2!1i1024!2i768!4f13.1!3m3!1m2!1s0x47a8f5cb364d30e7%3A0x39f3d6b46911d73e!2sZeppelinstra%C3%9Fe%20148%2C%2014471%20Potsdam!5e0!3m2!1sde!2sde!4v1592230978123!5m2!1sde!2sde\" width=\"600\" height=\"450\" frameborder=\"0\" style=\"border:0;\" allowfullscreen=\"\" aria-hidden=\"false\" tabindex=\"0\"><\/iframe>\n\n\n\n<p><\/p>\n","protected":false},"excerpt":{"rendered":"<p>Verkehrsverbindungen: Stra\u00dfenbahn Linie 91, 94, 98 &#8211; stadtausw\u00e4rts Haltestelle &#8222;Auf dem Kiewitt&#8220; &#8211; ca. 230 m Fu\u00dfweg, bzw. stadteinw\u00e4rts Haltestelle &#8222;Potsdam, Charlottenhof Bhf&#8220; &#8211; ca. 130m Fu\u00dfweg Bus 580, 605, 606, 610, 631 &#8211; Haltestelle &#8222;Potsdam, Charlottenhof Bhf&#8220; &#8211; ca. 130m bzw. 150m Fu\u00dfweg Bahn RE 1, RB 1 , RB 20, RB 21, RB&hellip;&nbsp;<a href=\"https:\/\/anna-rabien.de\/?page_id=209\" class=\"\" rel=\"bookmark\">Weiterlesen &raquo;<span class=\"screen-reader-text\">ANFAHRT<\/span><\/a><\/p>\n","protected":false},"author":1,"featured_media":0,"parent":0,"menu_order":0,"comment_status":"closed","ping_status":"closed","template":"","meta":{"neve_meta_sidebar":"","neve_meta_container":"","neve_meta_enable_content_width":"on","neve_meta_content_width":90,"neve_meta_title_alignment":"","neve_meta_author_avatar":"","neve_post_elements_order":"","neve_meta_disable_header":"","neve_meta_disable_footer":"","neve_meta_disable_title":"on","_themeisle_gutenberg_block_has_review":false,"footnotes":""},"featured_image_src":null,"featured_image_src_square":null,"_links":{"self":[{"href":"https:\/\/anna-rabien.de\/index.php?rest_route=\/wp\/v2\/pages\/209"}],"collection":[{"href":"https:\/\/anna-rabien.de\/index.php?rest_route=\/wp\/v2\/pages"}],"about":[{"href":"https:\/\/anna-rabien.de\/index.php?rest_route=\/wp\/v2\/types\/page"}],"author":[{"embeddable":true,"href":"https:\/\/anna-rabien.de\/index.php?rest_route=\/wp\/v2\/users\/1"}],"replies":[{"embeddable":true,"href":"https:\/\/anna-rabien.de\/index.php?rest_route=%2Fwp%2Fv2%2Fcomments&post=209"}],"version-history":[{"count":12,"href":"https:\/\/anna-rabien.de\/index.php?rest_route=\/wp\/v2\/pages\/209\/revisions"}],"predecessor-version":[{"id":523,"href":"https:\/\/anna-rabien.de\/index.php?rest_route=\/wp\/v2\/pages\/209\/revisions\/523"}],"wp:attachment":[{"href":"https:\/\/anna-rabien.de\/index.php?rest_route=%2Fwp%2Fv2%2Fmedia&parent=209"}],"curies":[{"name":"wp","href":"https:\/\/api.w.org\/{rel}","templated":true}]}}