{"id":367,"date":"2020-07-09T13:30:50","date_gmt":"2020-07-09T13:30:50","guid":{"rendered":"https:\/\/anna-rabien.de\/?page_id=367"},"modified":"2024-01-20T19:33:05","modified_gmt":"2024-01-20T19:33:05","slug":"motivation","status":"publish","type":"page","link":"https:\/\/anna-rabien.de\/?page_id=367","title":{"rendered":"Motivation"},"content":{"rendered":"\n<div class=\"wp-block-atomic-blocks-ab-columns ab-layout-service-3 ab-layout-columns-2 ab-2-col-equal ab-columns-center alignfull\" style=\"padding-top:15%;padding-right:5%;padding-bottom:15%;padding-left:5%\"><div class=\"ab-layout-column-wrap ab-block-layout-column-gap-5 ab-is-responsive-column\" style=\"max-width:1200px\">\n<div class=\"wp-block-atomic-blocks-ab-column ab-block-layout-column\"><div class=\"ab-block-layout-column-inner\">\n<figure class=\"wp-block-image size-large\"><img loading=\"lazy\" decoding=\"async\" width=\"613\" height=\"817\" src=\"https:\/\/anna-rabien.de\/wp-content\/uploads\/2020\/07\/Bild-Anna.jpg\" alt=\"\" class=\"wp-image-435\" srcset=\"https:\/\/anna-rabien.de\/wp-content\/uploads\/2020\/07\/Bild-Anna.jpg 613w, https:\/\/anna-rabien.de\/wp-content\/uploads\/2020\/07\/Bild-Anna-225x300.jpg 225w\" sizes=\"(max-width: 613px) 100vw, 613px\" \/><\/figure>\n<\/div><\/div>\n\n\n\n<div class=\"wp-block-atomic-blocks-ab-column ab-block-layout-column ab-is-vertically-aligned-center\"><div class=\"ab-block-layout-column-inner\">\n<h3 class=\"wp-block-heading\">Gemeinsam geht\u00b4s aufw\u00e4rts.<\/h3>\n\n\n\n<p>In meiner langj\u00e4hrigen Berufserfahrung als Diplomp\u00e4dagogin bin ich mit den vielf\u00e4ltigen Problemen junger Menschen vertraut geworden. Daraus wuchs der Wunsch, den Kindern, Jugendlichen und ihren Familien \u00fcber die sozialp\u00e4dagogische Beratung hinaus helfen zu k\u00f6nnen. Daher habe ich mich 2013 entschieden, zus\u00e4tzlich zu meinem Diplomstudiengang in Erziehungswissenschaften die Ausbildung zur Kinder- und Jugendlichenpsychotherapeutin zu absolvieren.<\/p>\n\n\n\n<p>Nachdem ich diese erfolgreich abgeschlossen habe und auch in diesem Bereich Erfahrungen sammeln konnte (siehe Qualifikationen), freue ich mich nun in eigener Praxis t\u00e4tig zu sein.<\/p>\n\n\n\n<p>Es ist mir ein Anliegen, Familien aller Couleur mit viel Wertsch\u00e4tzung, Einf\u00fchlungsverm\u00f6gen und Herzlichkeit zu begegnen und auch die Therapien mit dieser Haltung durchzuf\u00fchren.<\/p>\n<\/div><\/div>\n<\/div><\/div>\n","protected":false},"excerpt":{"rendered":"","protected":false},"author":1,"featured_media":0,"parent":160,"menu_order":0,"comment_status":"closed","ping_status":"closed","template":"","meta":{"neve_meta_sidebar":"","neve_meta_container":"","neve_meta_enable_content_width":"on","neve_meta_content_width":95,"neve_meta_title_alignment":"","neve_meta_author_avatar":"","neve_post_elements_order":"","neve_meta_disable_header":"","neve_meta_disable_footer":"","neve_meta_disable_title":"on","_themeisle_gutenberg_block_has_review":false,"footnotes":""},"featured_image_src":null,"featured_image_src_square":null,"_links":{"self":[{"href":"https:\/\/anna-rabien.de\/index.php?rest_route=\/wp\/v2\/pages\/367"}],"collection":[{"href":"https:\/\/anna-rabien.de\/index.php?rest_route=\/wp\/v2\/pages"}],"about":[{"href":"https:\/\/anna-rabien.de\/index.php?rest_route=\/wp\/v2\/types\/page"}],"author":[{"embeddable":true,"href":"https:\/\/anna-rabien.de\/index.php?rest_route=\/wp\/v2\/users\/1"}],"replies":[{"embeddable":true,"href":"https:\/\/anna-rabien.de\/index.php?rest_route=%2Fwp%2Fv2%2Fcomments&post=367"}],"version-history":[{"count":5,"href":"https:\/\/anna-rabien.de\/index.php?rest_route=\/wp\/v2\/pages\/367\/revisions"}],"predecessor-version":[{"id":510,"href":"https:\/\/anna-rabien.de\/index.php?rest_route=\/wp\/v2\/pages\/367\/revisions\/510"}],"up":[{"embeddable":true,"href":"https:\/\/anna-rabien.de\/index.php?rest_route=\/wp\/v2\/pages\/160"}],"wp:attachment":[{"href":"https:\/\/anna-rabien.de\/index.php?rest_route=%2Fwp%2Fv2%2Fmedia&parent=367"}],"curies":[{"name":"wp","href":"https:\/\/api.w.org\/{rel}","templated":true}]}}