{"id":372,"date":"2020-07-09T12:03:53","date_gmt":"2020-07-09T12:03:53","guid":{"rendered":"https:\/\/anna-rabien.de\/?page_id=372"},"modified":"2024-01-20T21:00:00","modified_gmt":"2024-01-20T21:00:00","slug":"verhaltenstherapie","status":"publish","type":"page","link":"https:\/\/anna-rabien.de\/?page_id=372","title":{"rendered":"Verhaltenstherapie"},"content":{"rendered":"\n<h3 class=\"wp-block-heading\">Was passiert bei einer Verhaltenstherapie?<\/h3>\n\n\n\n<div class=\"wp-block-columns is-layout-flex wp-container-core-columns-layout-1 wp-block-columns-is-layout-flex\">\n<div class=\"wp-block-column is-layout-flow wp-block-column-is-layout-flow\" style=\"flex-basis:66.66%\">\n<p>Die Verhaltenstherapie geh\u00f6rt zu den am h\u00e4ufigsten eingesetzten, wissenschaftlich am besten untersuchten psychotherapeutischen Verfahren und basiert auf Erkenntnissen der modernen Lerntheorie. Diese besagt:<\/p>\n\n\n\n<ol>\n<li>Jedes Verhalten ist erlernt worden.<\/li>\n\n\n\n<li>Jedes Verhalten wird durch irgendetwas aufrechterhalten.<\/li>\n\n\n\n<li>Jedes Verhalten kann auch wieder verlernt werden.<\/li>\n<\/ol>\n\n\n\n<p>Zu Beginn der Behandlung werden wir gemeinsam folgende Fragen bearbeiten:<\/p>\n\n\n\n<ul>\n<li>Welche Bedingungen der Lebensgeschichte Ihres Kindes haben zur Entstehung und Aufrechterhaltung der bestehenden Symptomatik beigetragen?<\/li>\n\n\n\n<li>Welche Bedingungen aus der aktuellen Lebenssituation sind weiter wirksam?<\/li>\n<\/ul>\n\n\n\n<p>Auf dieser Grundlage werden dann wir gemeinsam die Therapieziele und den Behandlungsplan festlegen.<\/p>\n\n\n\n<p>W\u00e4hrend der Therapie werden vorhandene St\u00e4rken und F\u00e4higkeiten herausgearbeitet und f\u00fcr den Ver\u00e4nderungsprozess nutzbar gemacht.<\/p>\n\n\n\n<p>Eine Verhaltenstherapie ist zielgerichtet und pragmatisch. Durch verschiedene Methoden wie die kognitive Verhaltenstherapie, die die Bedeutung von Gedanken, Gef\u00fchlen und Verhalten sowie deren Wechselwirkungen beleuchtet, bietet sie Hilfe zur Selbsthilfe.<\/p>\n\n\n\n<p>Als approbierte Kinder- und Jugendlichenpsychotherapeutin behandele ich Kinder, Jugendliche und junge Erwachsene nach diesem Richtlinienverfahren.<\/p>\n<\/div>\n\n\n\n<div class=\"wp-block-column is-layout-flow wp-block-column-is-layout-flow\" style=\"flex-basis:33.33%\">\n<figure class=\"wp-block-image size-large\"><img loading=\"lazy\" decoding=\"async\" width=\"1024\" height=\"683\" src=\"https:\/\/anna-rabien.de\/wp-content\/uploads\/2024\/01\/SA13231-1024x683.jpg\" alt=\"Verhaltenstherapie in der KJP Anna Rabien\" class=\"wp-image-621\" srcset=\"https:\/\/anna-rabien.de\/wp-content\/uploads\/2024\/01\/SA13231-1024x683.jpg 1024w, https:\/\/anna-rabien.de\/wp-content\/uploads\/2024\/01\/SA13231-300x200.jpg 300w, https:\/\/anna-rabien.de\/wp-content\/uploads\/2024\/01\/SA13231-768x512.jpg 768w, https:\/\/anna-rabien.de\/wp-content\/uploads\/2024\/01\/SA13231-1536x1024.jpg 1536w, https:\/\/anna-rabien.de\/wp-content\/uploads\/2024\/01\/SA13231-2048x1365.jpg 2048w, https:\/\/anna-rabien.de\/wp-content\/uploads\/2024\/01\/SA13231-600x400.jpg 600w, https:\/\/anna-rabien.de\/wp-content\/uploads\/2024\/01\/SA13231-930x620.jpg 930w\" sizes=\"(max-width: 1024px) 100vw, 1024px\" \/><\/figure>\n<\/div>\n<\/div>\n\n\n\n<p><\/p>\n\n\n\n<p><\/p>\n\n\n\n<p><\/p>\n\n\n\n<p><\/p>\n","protected":false},"excerpt":{"rendered":"<p>Was passiert bei einer Verhaltenstherapie? Die Verhaltenstherapie geh\u00f6rt zu den am h\u00e4ufigsten eingesetzten, wissenschaftlich am besten untersuchten psychotherapeutischen Verfahren und basiert auf Erkenntnissen der modernen Lerntheorie. Diese besagt: Zu Beginn der Behandlung werden wir gemeinsam folgende Fragen bearbeiten: Auf dieser Grundlage werden dann wir gemeinsam die Therapieziele und den Behandlungsplan festlegen. W\u00e4hrend der Therapie werden&hellip;&nbsp;<a href=\"https:\/\/anna-rabien.de\/?page_id=372\" class=\"\" rel=\"bookmark\">Weiterlesen &raquo;<span class=\"screen-reader-text\">Verhaltenstherapie<\/span><\/a><\/p>\n","protected":false},"author":1,"featured_media":0,"parent":150,"menu_order":0,"comment_status":"closed","ping_status":"closed","template":"","meta":{"neve_meta_sidebar":"","neve_meta_container":"","neve_meta_enable_content_width":"on","neve_meta_content_width":90,"neve_meta_title_alignment":"","neve_meta_author_avatar":"","neve_post_elements_order":"","neve_meta_disable_header":"","neve_meta_disable_footer":"","neve_meta_disable_title":"on","_themeisle_gutenberg_block_has_review":false,"footnotes":""},"featured_image_src":null,"featured_image_src_square":null,"_links":{"self":[{"href":"https:\/\/anna-rabien.de\/index.php?rest_route=\/wp\/v2\/pages\/372"}],"collection":[{"href":"https:\/\/anna-rabien.de\/index.php?rest_route=\/wp\/v2\/pages"}],"about":[{"href":"https:\/\/anna-rabien.de\/index.php?rest_route=\/wp\/v2\/types\/page"}],"author":[{"embeddable":true,"href":"https:\/\/anna-rabien.de\/index.php?rest_route=\/wp\/v2\/users\/1"}],"replies":[{"embeddable":true,"href":"https:\/\/anna-rabien.de\/index.php?rest_route=%2Fwp%2Fv2%2Fcomments&post=372"}],"version-history":[{"count":2,"href":"https:\/\/anna-rabien.de\/index.php?rest_route=\/wp\/v2\/pages\/372\/revisions"}],"predecessor-version":[{"id":622,"href":"https:\/\/anna-rabien.de\/index.php?rest_route=\/wp\/v2\/pages\/372\/revisions\/622"}],"up":[{"embeddable":true,"href":"https:\/\/anna-rabien.de\/index.php?rest_route=\/wp\/v2\/pages\/150"}],"wp:attachment":[{"href":"https:\/\/anna-rabien.de\/index.php?rest_route=%2Fwp%2Fv2%2Fmedia&parent=372"}],"curies":[{"name":"wp","href":"https:\/\/api.w.org\/{rel}","templated":true}]}}